{"id":14,"date":"2015-04-13T11:19:21","date_gmt":"2015-04-13T11:19:21","guid":{"rendered":"http:\/\/fusion.tvmerishausen.ch\/wordpress\/?page_id=14"},"modified":"2020-01-16T11:26:38","modified_gmt":"2020-01-16T11:26:38","slug":"turnverein","status":"publish","type":"page","link":"https:\/\/tvmerishausen.ch\/wordpress\/turnverein\/","title":{"rendered":"Turnverein"},"content":{"rendered":"<p><!-- .entry-header --><strong>Turnen im Verein<\/strong><\/p>\n<div class=\"entry-content\">\n<p>1934 gegr\u00fcndet geh\u00f6rt der Turnverein Merishausen bereits seit \u00fcber 75 Jahren dem Schaffhauser- und dem Schweizer Turnverband an. Unsere Trainingsschwerpunkte liegen bei der Leichtathletik, auch wenn wir seit neustem wieder mit einem Ger\u00e4tetraining (vorwiegend Barrenturnen) begonnen haben. In der Leichtathletik starten wir jedes Jahr an diversen Anl\u00e4ssen und durften schon des \u00d6fteren grosse Erfolge feiern. Fussball, Basketball, Unihockey und diverse andere sportliche Aktivit\u00e4ten geh\u00f6ren zum erweiterten \u00abBesch\u00e4ftigungsprogrammes\u00bb, welches uns reichlich Abwechslung bietet. Der TV versteht es Sport, Erwartungen und soziales Engagement zu vereinen und ein friedliches Miteinander zu gestalten. Unser Turnverein ist nicht nur f\u00fcr seine sportlichen Leistungen bekannt. Wir organisieren verschiedene Anl\u00e4sse, die im ganzen Kanton und dar\u00fcber hinaus bekannt sind.<\/p>\n<p>Haben wir dein Interesse geweckt?<\/p>\n<p>Gerne darfst du ganz unverbindlich und ohne Voranmeldung an einem Probetraining teilnehmen. Bei Fragen gibt der gerne unser OT Andreas B\u00fchrer Auskunft<\/p>\n<\/div>\n\n\n<p><\/p>\n","protected":false},"excerpt":{"rendered":"<p>Turnen im Verein 1934 gegr\u00fcndet geh\u00f6rt der Turnverein Merishausen bereits seit \u00fcber 75 Jahren dem Schaffhauser- und dem Schweizer Turnverband an. Unsere Trainingsschwerpunkte liegen bei der Leichtathletik, auch wenn wir seit neustem wieder mit einem Ger\u00e4tetraining (vorwiegend Barrenturnen) begonnen haben. In der Leichtathletik starten wir jedes Jahr an diversen Anl\u00e4ssen &#8230;<\/p>\n","protected":false},"author":3,"featured_media":0,"parent":0,"menu_order":10,"comment_status":"closed","ping_status":"closed","template":"","meta":{"footnotes":""},"class_list":["post-14","page","type-page","status-publish","hentry","column","twocol"],"_links":{"self":[{"href":"https:\/\/tvmerishausen.ch\/wordpress\/wp-json\/wp\/v2\/pages\/14","targetHints":{"allow":["GET"]}}],"collection":[{"href":"https:\/\/tvmerishausen.ch\/wordpress\/wp-json\/wp\/v2\/pages"}],"about":[{"href":"https:\/\/tvmerishausen.ch\/wordpress\/wp-json\/wp\/v2\/types\/page"}],"author":[{"embeddable":true,"href":"https:\/\/tvmerishausen.ch\/wordpress\/wp-json\/wp\/v2\/users\/3"}],"replies":[{"embeddable":true,"href":"https:\/\/tvmerishausen.ch\/wordpress\/wp-json\/wp\/v2\/comments?post=14"}],"version-history":[{"count":10,"href":"https:\/\/tvmerishausen.ch\/wordpress\/wp-json\/wp\/v2\/pages\/14\/revisions"}],"predecessor-version":[{"id":1295,"href":"https:\/\/tvmerishausen.ch\/wordpress\/wp-json\/wp\/v2\/pages\/14\/revisions\/1295"}],"wp:attachment":[{"href":"https:\/\/tvmerishausen.ch\/wordpress\/wp-json\/wp\/v2\/media?parent=14"}],"curies":[{"name":"wp","href":"https:\/\/api.w.org\/{rel}","templated":true}]}}