{"id":18,"date":"2015-04-13T11:20:11","date_gmt":"2015-04-13T11:20:11","guid":{"rendered":"http:\/\/fusion.tvmerishausen.ch\/wordpress\/?page_id=18"},"modified":"2026-02-15T14:21:44","modified_gmt":"2026-02-15T14:21:44","slug":"leiter","status":"publish","type":"page","link":"https:\/\/tvmerishausen.ch\/wordpress\/turnverein\/leiter\/","title":{"rendered":"Ger\u00e4tekombination"},"content":{"rendered":"\n<h4 class=\"wp-block-heading\"><strong>Trainingszeiten:<figure><a href=\"https:\/\/tvmerishausen.ch\/wordpress\/wp-content\/uploads\/2015\/04\/144-e1462877710426.jpg\"><img loading=\"lazy\" decoding=\"async\" class=\"alignright wp-image-610 size-medium\" src=\"https:\/\/tvmerishausen.ch\/wordpress\/wp-content\/uploads\/2015\/04\/144-300x200.jpg\" alt=\"144\" width=\"300\" height=\"200\"><\/a><\/figure><\/strong><\/h4>\n\n\n\n<p>Mittwoch:&nbsp;&nbsp;&nbsp;&nbsp;&nbsp; &nbsp;&nbsp; 20:30 &#8211; 22:00 Uhr (Ganzj\u00e4hrlich Halle)<\/p>\n\n\n\n<h4 class=\"wp-block-heading\"><strong>Trainingsschwerpunkte:<\/strong><\/h4>\n\n\n\n<p>Ger\u00e4tekombination: Barrenturnen, Stufenbarren. Zus\u00e4tzlich Kr\u00e4ftigung, K\u00f6rperspannung, Dehnen, Beweglichkeit usw.<\/p>\n\n\n\n<h4 class=\"wp-block-heading\"><strong>Leiter Ger\u00e4tekombination:<\/strong><\/h4>\n\n\n<div class=\"wp-block-image\">\n<figure class=\"alignleft size-medium\"><img loading=\"lazy\" decoding=\"async\" width=\"200\" height=\"300\" src=\"https:\/\/tvmerishausen.ch\/wordpress\/wp-content\/uploads\/2025\/04\/DSC2954-200x300.jpg\" alt=\"\" class=\"wp-image-2041\" srcset=\"https:\/\/tvmerishausen.ch\/wordpress\/wp-content\/uploads\/2025\/04\/DSC2954-200x300.jpg 200w, https:\/\/tvmerishausen.ch\/wordpress\/wp-content\/uploads\/2025\/04\/DSC2954-683x1024.jpg 683w, https:\/\/tvmerishausen.ch\/wordpress\/wp-content\/uploads\/2025\/04\/DSC2954-768x1152.jpg 768w, https:\/\/tvmerishausen.ch\/wordpress\/wp-content\/uploads\/2025\/04\/DSC2954-1024x1536.jpg 1024w, https:\/\/tvmerishausen.ch\/wordpress\/wp-content\/uploads\/2025\/04\/DSC2954-1365x2048.jpg 1365w, https:\/\/tvmerishausen.ch\/wordpress\/wp-content\/uploads\/2025\/04\/DSC2954-700x1050.jpg 700w, https:\/\/tvmerishausen.ch\/wordpress\/wp-content\/uploads\/2025\/04\/DSC2954-332x498.jpg 332w, https:\/\/tvmerishausen.ch\/wordpress\/wp-content\/uploads\/2025\/04\/DSC2954-scaled.jpg 1707w\" sizes=\"auto, (max-width: 200px) 100vw, 200px\" \/><figcaption class=\"wp-element-caption\">Katrin Germann<\/figcaption><\/figure>\n<\/div>\n\n<div class=\"wp-block-image\">\n<figure class=\"alignleft size-medium\"><img loading=\"lazy\" decoding=\"async\" width=\"200\" height=\"300\" src=\"https:\/\/tvmerishausen.ch\/wordpress\/wp-content\/uploads\/2025\/04\/DSC2950-200x300.jpg\" alt=\"\" class=\"wp-image-2059\" srcset=\"https:\/\/tvmerishausen.ch\/wordpress\/wp-content\/uploads\/2025\/04\/DSC2950-200x300.jpg 200w, https:\/\/tvmerishausen.ch\/wordpress\/wp-content\/uploads\/2025\/04\/DSC2950-683x1024.jpg 683w, https:\/\/tvmerishausen.ch\/wordpress\/wp-content\/uploads\/2025\/04\/DSC2950-768x1152.jpg 768w, https:\/\/tvmerishausen.ch\/wordpress\/wp-content\/uploads\/2025\/04\/DSC2950-1024x1536.jpg 1024w, https:\/\/tvmerishausen.ch\/wordpress\/wp-content\/uploads\/2025\/04\/DSC2950-1365x2048.jpg 1365w, https:\/\/tvmerishausen.ch\/wordpress\/wp-content\/uploads\/2025\/04\/DSC2950-700x1050.jpg 700w, https:\/\/tvmerishausen.ch\/wordpress\/wp-content\/uploads\/2025\/04\/DSC2950-332x498.jpg 332w, https:\/\/tvmerishausen.ch\/wordpress\/wp-content\/uploads\/2025\/04\/DSC2950-scaled.jpg 1707w\" sizes=\"auto, (max-width: 200px) 100vw, 200px\" \/><figcaption class=\"wp-element-caption\">Jonas Wanner<\/figcaption><\/figure>\n<\/div>\n\n\n<p><\/p>\n","protected":false},"excerpt":{"rendered":"<p>Trainingszeiten: Mittwoch:&nbsp;&nbsp;&nbsp;&nbsp;&nbsp; &nbsp;&nbsp; 20:30 &#8211; 22:00 Uhr (Ganzj\u00e4hrlich Halle) Trainingsschwerpunkte: Ger\u00e4tekombination: Barrenturnen, Stufenbarren. Zus\u00e4tzlich Kr\u00e4ftigung, K\u00f6rperspannung, Dehnen, Beweglichkeit usw. Leiter Ger\u00e4tekombination:<\/p>\n","protected":false},"author":3,"featured_media":445,"parent":14,"menu_order":10,"comment_status":"closed","ping_status":"closed","template":"","meta":{"footnotes":""},"class_list":["post-18","page","type-page","status-publish","has-post-thumbnail","hentry","column","twocol","has-thumbnail"],"_links":{"self":[{"href":"https:\/\/tvmerishausen.ch\/wordpress\/wp-json\/wp\/v2\/pages\/18","targetHints":{"allow":["GET"]}}],"collection":[{"href":"https:\/\/tvmerishausen.ch\/wordpress\/wp-json\/wp\/v2\/pages"}],"about":[{"href":"https:\/\/tvmerishausen.ch\/wordpress\/wp-json\/wp\/v2\/types\/page"}],"author":[{"embeddable":true,"href":"https:\/\/tvmerishausen.ch\/wordpress\/wp-json\/wp\/v2\/users\/3"}],"replies":[{"embeddable":true,"href":"https:\/\/tvmerishausen.ch\/wordpress\/wp-json\/wp\/v2\/comments?post=18"}],"version-history":[{"count":28,"href":"https:\/\/tvmerishausen.ch\/wordpress\/wp-json\/wp\/v2\/pages\/18\/revisions"}],"predecessor-version":[{"id":2210,"href":"https:\/\/tvmerishausen.ch\/wordpress\/wp-json\/wp\/v2\/pages\/18\/revisions\/2210"}],"up":[{"embeddable":true,"href":"https:\/\/tvmerishausen.ch\/wordpress\/wp-json\/wp\/v2\/pages\/14"}],"wp:featuredmedia":[{"embeddable":true,"href":"https:\/\/tvmerishausen.ch\/wordpress\/wp-json\/wp\/v2\/media\/445"}],"wp:attachment":[{"href":"https:\/\/tvmerishausen.ch\/wordpress\/wp-json\/wp\/v2\/media?parent=18"}],"curies":[{"name":"wp","href":"https:\/\/api.w.org\/{rel}","templated":true}]}}