{"id":28,"date":"2015-04-14T10:40:55","date_gmt":"2015-04-14T10:40:55","guid":{"rendered":"http:\/\/fusion.tvmerishausen.ch\/wordpress\/?page_id=28"},"modified":"2022-03-09T10:47:09","modified_gmt":"2022-03-09T10:47:09","slug":"jugend","status":"publish","type":"page","link":"https:\/\/tvmerishausen.ch\/wordpress\/jugend\/","title":{"rendered":"Jugend"},"content":{"rendered":"\n<div class=\"wp-block-image\"><figure class=\"aligncenter size-medium\"><img loading=\"lazy\" decoding=\"async\" width=\"300\" height=\"164\" src=\"https:\/\/tvmerishausen.ch\/wordpress\/wp-content\/uploads\/2015\/04\/Jugend_Merishausen_RGB_1-300x164.png\" alt=\"\" class=\"wp-image-23\" srcset=\"https:\/\/tvmerishausen.ch\/wordpress\/wp-content\/uploads\/2015\/04\/Jugend_Merishausen_RGB_1-300x164.png 300w, https:\/\/tvmerishausen.ch\/wordpress\/wp-content\/uploads\/2015\/04\/Jugend_Merishausen_RGB_1-700x383.png 700w, https:\/\/tvmerishausen.ch\/wordpress\/wp-content\/uploads\/2015\/04\/Jugend_Merishausen_RGB_1-332x182.png 332w, https:\/\/tvmerishausen.ch\/wordpress\/wp-content\/uploads\/2015\/04\/Jugend_Merishausen_RGB_1.png 843w\" sizes=\"auto, (max-width: 300px) 100vw, 300px\" \/><\/figure><\/div>\n\n\n\n<p><strong>\u00dcber d\u2019 Jugend<\/strong><\/p>\n\n\n\n<p>Die Jugendriege und M\u00e4dchenriege Merishausen&nbsp;sind in zwei Altersgruppen unterteilt und trainiert 1x w\u00f6chentlich in der Turnhalle Merishausen. An verschiedenen Wettk\u00e4mpfen messen wir uns in Einzel- und Mannschaftssportarten. Das Turnprogramm ist vielseitig ausgerichtet und wird von motivierten Leitern:innen vorbereitet. Unser oberstes Ziel ist dabei die Freude am Sport. Wir f\u00f6rdern gezielt Bewegungsabl\u00e4ufe, koordinative F\u00e4higkeiten, Spass am Spiel und kollegiales Verhalten innerhalb einer Gruppe. Lernen\u2013Lachen\u2013Leisten sind die Leitw\u00f6rter. Auch gem\u00fctliche Anl\u00e4sse wie Besuche in der Badi,&nbsp;und der Schlusshock vor Weihnachten geh\u00f6ren fest in unser Jahresprogramm. Haben wir dein Interesse geweckt?<\/p>\n\n\n\n<figure class=\"wp-block-image\"><a href=\"https:\/\/tvmerishausen.ch\/wordpress\/wp-content\/uploads\/IMG_0146.jpg\"><img decoding=\"async\" src=\"https:\/\/tvmerishausen.ch\/wordpress\/wp-content\/uploads\/IMG_0146-300x224.jpg\" alt=\"\" class=\"wp-image-717\" title=\"\"\/><\/a><\/figure>\n\n\n\n<p><strong>&nbsp;Also nichts wie los in die Jugi oder M\u00e4dchenriege&nbsp;Merishausen!<\/strong><\/p>\n\n\n\n<p>Gerne darfst Du ganz unverbindlich und ohne Voranmeldung an einem Probetraining teilnehmen. Hast Du Fragen zum Training oder bist Du Dir unsicher, welche Altersgruppe zu Dir passt? Gerne beantwortet unsere TK-Jugend-Verantwortliche Person deine Fragen und gibt Dir weitere Ausk\u00fcnfte.<\/p>\n\n\n\n<p><strong>Selbst Leiter werden?<\/strong><\/p>\n\n\n\n<p>Die Jugendriege Merishausen bietet dem Merishauser Nachwuchs seit 1941 ein abwechslungsreiches Programm mit einer Kombination aus F\u00f6rderung der Kraft, konditionellen- und koordinativen F\u00e4higkeiten, sowie der Vermittlung von Freundschaft, Spass am Bewegen und des kollegialen Verhaltens innerhalb einer Gruppe. Badi und der Schlusshock vor Weihnachten geh\u00f6ren ebenso fest in unser Jahresprogramm wie der Besuch von verschiedenen Wettk\u00e4mpfen in Einzel- und Mannschaftssportarten. F\u00fcr ambitionierte Jungturner:innen besteht neu auch die M\u00f6glichkeit, am Mittwochabend ein intensiveres Leichtathletiktraining zu besuchen.<\/p>\n\n\n\n<p>Wenn Du Dir vorstellen kannst, in unserem Leiterteam mitzuhelfen melde dich bitte auch bei der TK-Jugend-Verantwortliche Person.<\/p>\n\n\n\n<div class=\"wp-block-image\"><figure class=\"aligncenter size-thumbnail\"><a href=\"https:\/\/tvmerishausen.ch\/wordpress\/wp-content\/uploads\/2022\/03\/jslogorotJPG.gif\"><img loading=\"lazy\" decoding=\"async\" width=\"150\" height=\"150\" src=\"https:\/\/tvmerishausen.ch\/wordpress\/wp-content\/uploads\/2022\/03\/jslogorotJPG-150x150.gif\" alt=\"\" class=\"wp-image-1573\" srcset=\"https:\/\/tvmerishausen.ch\/wordpress\/wp-content\/uploads\/2022\/03\/jslogorotJPG-150x150.gif 150w, https:\/\/tvmerishausen.ch\/wordpress\/wp-content\/uploads\/2022\/03\/jslogorotJPG-268x268.gif 268w\" sizes=\"auto, (max-width: 150px) 100vw, 150px\" \/><\/a><\/figure><\/div>\n","protected":false},"excerpt":{"rendered":"<p>\u00dcber d\u2019 Jugend Die Jugendriege und M\u00e4dchenriege Merishausen&nbsp;sind in zwei Altersgruppen unterteilt und trainiert 1x w\u00f6chentlich in der Turnhalle Merishausen. An verschiedenen Wettk\u00e4mpfen messen wir uns in Einzel- und Mannschaftssportarten. Das Turnprogramm ist vielseitig ausgerichtet und wird von motivierten Leitern:innen vorbereitet. Unser oberstes Ziel ist dabei die Freude am Sport. &#8230;<\/p>\n","protected":false},"author":3,"featured_media":0,"parent":0,"menu_order":20,"comment_status":"closed","ping_status":"closed","template":"","meta":{"footnotes":""},"class_list":["post-28","page","type-page","status-publish","hentry","column","twocol"],"_links":{"self":[{"href":"https:\/\/tvmerishausen.ch\/wordpress\/wp-json\/wp\/v2\/pages\/28","targetHints":{"allow":["GET"]}}],"collection":[{"href":"https:\/\/tvmerishausen.ch\/wordpress\/wp-json\/wp\/v2\/pages"}],"about":[{"href":"https:\/\/tvmerishausen.ch\/wordpress\/wp-json\/wp\/v2\/types\/page"}],"author":[{"embeddable":true,"href":"https:\/\/tvmerishausen.ch\/wordpress\/wp-json\/wp\/v2\/users\/3"}],"replies":[{"embeddable":true,"href":"https:\/\/tvmerishausen.ch\/wordpress\/wp-json\/wp\/v2\/comments?post=28"}],"version-history":[{"count":19,"href":"https:\/\/tvmerishausen.ch\/wordpress\/wp-json\/wp\/v2\/pages\/28\/revisions"}],"predecessor-version":[{"id":1584,"href":"https:\/\/tvmerishausen.ch\/wordpress\/wp-json\/wp\/v2\/pages\/28\/revisions\/1584"}],"wp:attachment":[{"href":"https:\/\/tvmerishausen.ch\/wordpress\/wp-json\/wp\/v2\/media?parent=28"}],"curies":[{"name":"wp","href":"https:\/\/api.w.org\/{rel}","templated":true}]}}