{"id":33,"date":"2015-04-14T10:45:19","date_gmt":"2015-04-14T10:45:19","guid":{"rendered":"http:\/\/fusion.tvmerishausen.ch\/wordpress\/?page_id=33"},"modified":"2026-02-15T14:22:45","modified_gmt":"2026-02-15T14:22:45","slug":"maedchenriege","status":"publish","type":"page","link":"https:\/\/tvmerishausen.ch\/wordpress\/jugend\/maedchenriege\/","title":{"rendered":"M\u00e4dchenriege"},"content":{"rendered":"\n<h4 class=\"wp-block-heading\"><strong>Trainingszeiten:<\/strong><\/h4>\n\n\n\n<p>Montag:<br>M\u00e4dchenriege Klein: 18:00-19:15 Uhr<br>M\u00e4dchenriege Gross: 19:15-20:30 Uhr<\/p>\n\n\n\n<h4 class=\"wp-block-heading\"><strong>Trainingsschwerpunkte:<\/strong><\/h4>\n\n\n\n<p>M\u00e4dchenriege: Fun, Bewegung, Leichtathletik,&nbsp;Korbball, Ger\u00e4teturnen, Bodenturnen, Rennen, usw.<\/p>\n\n\n\n<p>Bei Fragen, Anmerkungen, oder Interesse f\u00fcr ein Probetraining bitte sich beim Hauptleiter melden.<\/p>\n\n\n\n<h4 class=\"wp-block-heading\"><strong>Leiter M\u00e4dchen klein &amp; gross:<\/strong><\/h4>\n\n\n<div class=\"wp-block-image\">\n<figure class=\"alignleft size-medium\"><img loading=\"lazy\" decoding=\"async\" width=\"200\" height=\"300\" src=\"https:\/\/tvmerishausen.ch\/wordpress\/wp-content\/uploads\/2025\/04\/DSC2914-200x300.jpg\" alt=\"\" class=\"wp-image-2048\" srcset=\"https:\/\/tvmerishausen.ch\/wordpress\/wp-content\/uploads\/2025\/04\/DSC2914-200x300.jpg 200w, https:\/\/tvmerishausen.ch\/wordpress\/wp-content\/uploads\/2025\/04\/DSC2914-683x1024.jpg 683w, https:\/\/tvmerishausen.ch\/wordpress\/wp-content\/uploads\/2025\/04\/DSC2914-768x1152.jpg 768w, https:\/\/tvmerishausen.ch\/wordpress\/wp-content\/uploads\/2025\/04\/DSC2914-1024x1536.jpg 1024w, https:\/\/tvmerishausen.ch\/wordpress\/wp-content\/uploads\/2025\/04\/DSC2914-1365x2048.jpg 1365w, https:\/\/tvmerishausen.ch\/wordpress\/wp-content\/uploads\/2025\/04\/DSC2914-700x1050.jpg 700w, https:\/\/tvmerishausen.ch\/wordpress\/wp-content\/uploads\/2025\/04\/DSC2914-332x498.jpg 332w, https:\/\/tvmerishausen.ch\/wordpress\/wp-content\/uploads\/2025\/04\/DSC2914-scaled.jpg 1707w\" sizes=\"auto, (max-width: 200px) 100vw, 200px\" \/><figcaption class=\"wp-element-caption\">Salome Ehrat<\/figcaption><\/figure>\n<\/div>\n\n<div class=\"wp-block-image\">\n<figure class=\"alignleft size-medium\"><img loading=\"lazy\" decoding=\"async\" width=\"200\" height=\"300\" src=\"https:\/\/tvmerishausen.ch\/wordpress\/wp-content\/uploads\/2025\/04\/DSC2912-200x300.jpg\" alt=\"\" class=\"wp-image-2050\" srcset=\"https:\/\/tvmerishausen.ch\/wordpress\/wp-content\/uploads\/2025\/04\/DSC2912-200x300.jpg 200w, https:\/\/tvmerishausen.ch\/wordpress\/wp-content\/uploads\/2025\/04\/DSC2912-683x1024.jpg 683w, https:\/\/tvmerishausen.ch\/wordpress\/wp-content\/uploads\/2025\/04\/DSC2912-768x1152.jpg 768w, https:\/\/tvmerishausen.ch\/wordpress\/wp-content\/uploads\/2025\/04\/DSC2912-1024x1536.jpg 1024w, https:\/\/tvmerishausen.ch\/wordpress\/wp-content\/uploads\/2025\/04\/DSC2912-1365x2048.jpg 1365w, https:\/\/tvmerishausen.ch\/wordpress\/wp-content\/uploads\/2025\/04\/DSC2912-700x1050.jpg 700w, https:\/\/tvmerishausen.ch\/wordpress\/wp-content\/uploads\/2025\/04\/DSC2912-332x498.jpg 332w, https:\/\/tvmerishausen.ch\/wordpress\/wp-content\/uploads\/2025\/04\/DSC2912-scaled.jpg 1707w\" sizes=\"auto, (max-width: 200px) 100vw, 200px\" \/><figcaption class=\"wp-element-caption\">Laura M\u00e4gerle<\/figcaption><\/figure>\n<\/div>\n\n<div class=\"wp-block-image\">\n<figure class=\"alignleft size-medium\"><img loading=\"lazy\" decoding=\"async\" width=\"200\" height=\"300\" src=\"https:\/\/tvmerishausen.ch\/wordpress\/wp-content\/uploads\/2025\/04\/DSC2920-200x300.jpg\" alt=\"\" class=\"wp-image-2052\" srcset=\"https:\/\/tvmerishausen.ch\/wordpress\/wp-content\/uploads\/2025\/04\/DSC2920-200x300.jpg 200w, https:\/\/tvmerishausen.ch\/wordpress\/wp-content\/uploads\/2025\/04\/DSC2920-683x1024.jpg 683w, https:\/\/tvmerishausen.ch\/wordpress\/wp-content\/uploads\/2025\/04\/DSC2920-768x1152.jpg 768w, https:\/\/tvmerishausen.ch\/wordpress\/wp-content\/uploads\/2025\/04\/DSC2920-1024x1536.jpg 1024w, https:\/\/tvmerishausen.ch\/wordpress\/wp-content\/uploads\/2025\/04\/DSC2920-1365x2048.jpg 1365w, https:\/\/tvmerishausen.ch\/wordpress\/wp-content\/uploads\/2025\/04\/DSC2920-700x1050.jpg 700w, https:\/\/tvmerishausen.ch\/wordpress\/wp-content\/uploads\/2025\/04\/DSC2920-332x498.jpg 332w, https:\/\/tvmerishausen.ch\/wordpress\/wp-content\/uploads\/2025\/04\/DSC2920-scaled.jpg 1707w\" sizes=\"auto, (max-width: 200px) 100vw, 200px\" \/><figcaption class=\"wp-element-caption\">Vivienne Tanner<\/figcaption><\/figure>\n<\/div>\n\n<div class=\"wp-block-image wp-duotone-unset-1\">\n<figure class=\"alignleft size-medium\"><img loading=\"lazy\" decoding=\"async\" width=\"200\" height=\"300\" src=\"https:\/\/tvmerishausen.ch\/wordpress\/wp-content\/uploads\/2025\/04\/DSC2925-200x300.jpg\" alt=\"\" class=\"wp-image-2053\" srcset=\"https:\/\/tvmerishausen.ch\/wordpress\/wp-content\/uploads\/2025\/04\/DSC2925-200x300.jpg 200w, https:\/\/tvmerishausen.ch\/wordpress\/wp-content\/uploads\/2025\/04\/DSC2925-683x1024.jpg 683w, https:\/\/tvmerishausen.ch\/wordpress\/wp-content\/uploads\/2025\/04\/DSC2925-768x1152.jpg 768w, https:\/\/tvmerishausen.ch\/wordpress\/wp-content\/uploads\/2025\/04\/DSC2925-1024x1536.jpg 1024w, https:\/\/tvmerishausen.ch\/wordpress\/wp-content\/uploads\/2025\/04\/DSC2925-1365x2048.jpg 1365w, https:\/\/tvmerishausen.ch\/wordpress\/wp-content\/uploads\/2025\/04\/DSC2925-700x1050.jpg 700w, https:\/\/tvmerishausen.ch\/wordpress\/wp-content\/uploads\/2025\/04\/DSC2925-332x498.jpg 332w, https:\/\/tvmerishausen.ch\/wordpress\/wp-content\/uploads\/2025\/04\/DSC2925-scaled.jpg 1707w\" sizes=\"auto, (max-width: 200px) 100vw, 200px\" \/><figcaption class=\"wp-element-caption\">Yara Hallauer<\/figcaption><\/figure>\n<\/div>","protected":false},"excerpt":{"rendered":"<p>Trainingszeiten: Montag:M\u00e4dchenriege Klein: 18:00-19:15 UhrM\u00e4dchenriege Gross: 19:15-20:30 Uhr Trainingsschwerpunkte: M\u00e4dchenriege: Fun, Bewegung, Leichtathletik,&nbsp;Korbball, Ger\u00e4teturnen, Bodenturnen, Rennen, usw. Bei Fragen, Anmerkungen, oder Interesse f\u00fcr ein Probetraining bitte sich beim Hauptleiter melden. Leiter M\u00e4dchen klein &amp; gross:<\/p>\n","protected":false},"author":3,"featured_media":0,"parent":28,"menu_order":20,"comment_status":"closed","ping_status":"closed","template":"","meta":{"footnotes":""},"class_list":["post-33","page","type-page","status-publish","hentry","column","twocol"],"_links":{"self":[{"href":"https:\/\/tvmerishausen.ch\/wordpress\/wp-json\/wp\/v2\/pages\/33","targetHints":{"allow":["GET"]}}],"collection":[{"href":"https:\/\/tvmerishausen.ch\/wordpress\/wp-json\/wp\/v2\/pages"}],"about":[{"href":"https:\/\/tvmerishausen.ch\/wordpress\/wp-json\/wp\/v2\/types\/page"}],"author":[{"embeddable":true,"href":"https:\/\/tvmerishausen.ch\/wordpress\/wp-json\/wp\/v2\/users\/3"}],"replies":[{"embeddable":true,"href":"https:\/\/tvmerishausen.ch\/wordpress\/wp-json\/wp\/v2\/comments?post=33"}],"version-history":[{"count":28,"href":"https:\/\/tvmerishausen.ch\/wordpress\/wp-json\/wp\/v2\/pages\/33\/revisions"}],"predecessor-version":[{"id":2212,"href":"https:\/\/tvmerishausen.ch\/wordpress\/wp-json\/wp\/v2\/pages\/33\/revisions\/2212"}],"up":[{"embeddable":true,"href":"https:\/\/tvmerishausen.ch\/wordpress\/wp-json\/wp\/v2\/pages\/28"}],"wp:attachment":[{"href":"https:\/\/tvmerishausen.ch\/wordpress\/wp-json\/wp\/v2\/media?parent=33"}],"curies":[{"name":"wp","href":"https:\/\/api.w.org\/{rel}","templated":true}]}}