{"id":37,"date":"2015-04-14T10:48:00","date_gmt":"2015-04-14T10:48:00","guid":{"rendered":"http:\/\/fusion.tvmerishausen.ch\/wordpress\/?page_id=37"},"modified":"2017-08-11T06:27:23","modified_gmt":"2017-08-11T06:27:23","slug":"events","status":"publish","type":"page","link":"https:\/\/tvmerishausen.ch\/wordpress\/events\/","title":{"rendered":"Events"},"content":{"rendered":"<p>Hier\u00a0findet Ihr alle\u00a0Informationen zu unseren aktuellen Events:<\/p>\n<p>Jeweils am 30 April findet jedes Jahr unsere legend\u00e4re Schlagerparty stat.<br \/>\nUnser Turnerchr\u00e4nzli k\u00f6nnt ihr auch dieses Jahr anfangs November live miterleben.<\/p>\n","protected":false},"excerpt":{"rendered":"<p>Hier\u00a0findet Ihr alle\u00a0Informationen zu unseren aktuellen Events: Jeweils am 30 April findet jedes Jahr unsere legend\u00e4re Schlagerparty stat. Unser Turnerchr\u00e4nzli k\u00f6nnt ihr auch dieses Jahr anfangs November live miterleben.<\/p>\n","protected":false},"author":3,"featured_media":0,"parent":0,"menu_order":30,"comment_status":"closed","ping_status":"closed","template":"","meta":{"footnotes":""},"class_list":["post-37","page","type-page","status-publish","hentry","column","twocol"],"_links":{"self":[{"href":"https:\/\/tvmerishausen.ch\/wordpress\/wp-json\/wp\/v2\/pages\/37","targetHints":{"allow":["GET"]}}],"collection":[{"href":"https:\/\/tvmerishausen.ch\/wordpress\/wp-json\/wp\/v2\/pages"}],"about":[{"href":"https:\/\/tvmerishausen.ch\/wordpress\/wp-json\/wp\/v2\/types\/page"}],"author":[{"embeddable":true,"href":"https:\/\/tvmerishausen.ch\/wordpress\/wp-json\/wp\/v2\/users\/3"}],"replies":[{"embeddable":true,"href":"https:\/\/tvmerishausen.ch\/wordpress\/wp-json\/wp\/v2\/comments?post=37"}],"version-history":[{"count":6,"href":"https:\/\/tvmerishausen.ch\/wordpress\/wp-json\/wp\/v2\/pages\/37\/revisions"}],"predecessor-version":[{"id":848,"href":"https:\/\/tvmerishausen.ch\/wordpress\/wp-json\/wp\/v2\/pages\/37\/revisions\/848"}],"wp:attachment":[{"href":"https:\/\/tvmerishausen.ch\/wordpress\/wp-json\/wp\/v2\/media?parent=37"}],"curies":[{"name":"wp","href":"https:\/\/api.w.org\/{rel}","templated":true}]}}