{"id":785,"date":"2017-05-08T22:21:02","date_gmt":"2017-05-08T22:21:02","guid":{"rendered":"http:\/\/tvmerishausen.ch\/wordpress\/?page_id=785"},"modified":"2020-01-21T08:39:57","modified_gmt":"2020-01-21T08:39:57","slug":"galerie-neu","status":"publish","type":"page","link":"https:\/\/tvmerishausen.ch\/wordpress\/galerie\/galerie-neu\/","title":{"rendered":"Galerie 2018"},"content":{"rendered":"\n<figure class=\"wp-block-embed\"><div class=\"wp-block-embed__wrapper\">\n<figure class=\"embed-gphotos  wp-caption\"><a href=\"https:\/\/photos.google.com\/share\/AF1QipOzNqYsR4KONlalgVlmfbmCGorkrWkLzmwwrpgvE1e3qg3mIiEnn4jkM4jL8YtBNw?key=aEFFaWFVNjgxUUhBNHRmb3FOcGNDaHh1M1RZa0t3\" target=\"_blank\"><img loading=\"lazy\" decoding=\"async\"    src=\"https:\/\/lh3.googleusercontent.com\/pw\/AP1GczMZZTgvvWPQvICPoakNl7znZ3p5T-lp1Vxof6MwBQih7s5Wbv16MlXYUE8K4AoeEbiaLGWhWEekozrI2giSgz9oSEYA8IrZttBfYmf52w1NQbL5UF5I=w660-h990\" width=\"660\" height=\"440\"   ><\/a><figcaption class=\"wp-caption-text\"><a href=\"https:\/\/photos.google.com\/share\/AF1QipOzNqYsR4KONlalgVlmfbmCGorkrWkLzmwwrpgvE1e3qg3mIiEnn4jkM4jL8YtBNw?key=aEFFaWFVNjgxUUhBNHRmb3FOcGNDaHh1M1RZa0t3\" target=\"_blank\">Schlussbummel 2018 \/ Google Photos<\/a><\/figcaption><\/figure>\n<\/div><\/figure>\n\n\n\n<figure class=\"wp-block-embed\"><div class=\"wp-block-embed__wrapper\">\n<figure class=\"embed-gphotos  wp-caption\"><a href=\"https:\/\/photos.google.com\/share\/AF1QipPxj_jovfEMK-fecNkPG_wpW-PNElWUCIsglmv5BwaJiTeX9x8_uv6CekSd2bSX8g?key=VVh1M1RFSlI5ckYwdlk0eU9oTXdUX1VyMzRtVDNR\" target=\"_blank\"><img loading=\"lazy\" decoding=\"async\"    src=\"https:\/\/lh3.googleusercontent.com\/pw\/AP1GczNzTk-Q0uNZChqyf6AWp9RFaza0x4LH_MKIfL61bV58U4zT2JcqEWAC0G338kB-up1HZsigCnc8hj24JOyNbLLr_aCrLk3-Ab8udNsaXuCwfzWUnTQy=w660-h990\" width=\"660\" height=\"440\"   ><\/a><figcaption class=\"wp-caption-text\"><a href=\"https:\/\/photos.google.com\/share\/AF1QipPxj_jovfEMK-fecNkPG_wpW-PNElWUCIsglmv5BwaJiTeX9x8_uv6CekSd2bSX8g?key=VVh1M1RFSlI5ckYwdlk0eU9oTXdUX1VyMzRtVDNR\" target=\"_blank\">Chr\u00e4nzli 2018, Rand\u00e4 &#8211; \u00fcsi Haamet \/ Google Photos<\/a><\/figcaption><\/figure>\n<\/div><\/figure>\n\n\n\n<figure class=\"wp-block-embed\"><div class=\"wp-block-embed__wrapper\">\n<figure class=\"embed-gphotos  wp-caption\"><a href=\"https:\/\/photos.google.com\/share\/AF1QipPdN8bGypKz0SrQvbZypfrwjDMIzgBrv_l4lBX4--HB-74e-q8jIB0a75708lJtwQ?key=VEJPR0VIeHR0RVpITWFsZHc3bGhlRXdfSk43TFd3\" target=\"_blank\"><img loading=\"lazy\" decoding=\"async\"    src=\"https:\/\/lh3.googleusercontent.com\/pw\/AP1GczOEYvVgrVRePg_GuemuPZtkg1pcZtB8yzD_7B4M-Vh9SGo6ImLHjFyS0DJ8dq84Qlq3xZPcJuV0Xkb5djVzUFOhqPGhDjtfxubB81FbgfnN7VGzBDB3=w660-h990\" width=\"660\" height=\"495\"   ><\/a><figcaption class=\"wp-caption-text\"><a href=\"https:\/\/photos.google.com\/share\/AF1QipPdN8bGypKz0SrQvbZypfrwjDMIzgBrv_l4lBX4--HB-74e-q8jIB0a75708lJtwQ?key=VEJPR0VIeHR0RVpITWFsZHc3bGhlRXdfSk43TFd3\" target=\"_blank\">Turnfahrt M\u00e4nner 2018 \/ Google Photos<\/a><\/figcaption><\/figure>\n<\/div><\/figure>\n\n\n\n<figure class=\"wp-block-embed\"><div class=\"wp-block-embed__wrapper\">\n<figure class=\"embed-gphotos  wp-caption\"><a href=\"https:\/\/photos.google.com\/share\/AF1QipOqfc8XVvV0JQMf7jJcOjm94yofLltJ5kkQHbTTazdn3-PtTq92XLcYpsgYEbq5Lw?key=N1A5eGVkTFNvR00tYkpoN1dJYkV0WkVyQ0FEaE1n\" target=\"_blank\"><img loading=\"lazy\" decoding=\"async\"    src=\"https:\/\/lh3.googleusercontent.com\/pw\/AP1GczNIK4MIgMFgJ8NdsO-7TPXj-XyiVAoxJeUKuICRZhGvlp625eoCy4dNRgclS43-XodoLDgPd6n5C2smgWKLbCVcZku5CmOAR4ZSMzi2ES5hLQ0ys9hT=w660-h990\" width=\"660\" height=\"440\"   ><\/a><figcaption class=\"wp-caption-text\"><a href=\"https:\/\/photos.google.com\/share\/AF1QipOqfc8XVvV0JQMf7jJcOjm94yofLltJ5kkQHbTTazdn3-PtTq92XLcYpsgYEbq5Lw?key=N1A5eGVkTFNvR00tYkpoN1dJYkV0WkVyQ0FEaE1n\" target=\"_blank\">SHMV 2018 Stein am Rhein \/ Google Photos<\/a><\/figcaption><\/figure>\n<\/div><\/figure>\n\n\n\n<figure class=\"wp-block-embed\"><div class=\"wp-block-embed__wrapper\">\n<figure class=\"embed-gphotos  wp-caption\"><a href=\"https:\/\/photos.google.com\/share\/AF1QipOZnp5WcK-cv6wRYCk9Sxet2ILcvhvzxaprHfBzkNSafrh4nUf4Zua1yZgfSFan0g?key=Zk83Ym9MV0Zqd0YtSWh5Uy1SM0dOQURnV0ZOT3dB\" target=\"_blank\"><img loading=\"lazy\" decoding=\"async\"    src=\"https:\/\/lh3.googleusercontent.com\/pw\/AP1GczO1Dq--weo-k_PQozuFG8csJerSSEr7G4opvApLNLtGKx3VOLZky5WHARqTh2X7bzo6EK0moGegRRGSI9wGIPUObqG9UvEUqvSTuM6i_Hy9yG9AjpcN=w660-h990\" width=\"660\" height=\"440\"   ><\/a><figcaption class=\"wp-caption-text\"><a href=\"https:\/\/photos.google.com\/share\/AF1QipOZnp5WcK-cv6wRYCk9Sxet2ILcvhvzxaprHfBzkNSafrh4nUf4Zua1yZgfSFan0g?key=Zk83Ym9MV0Zqd0YtSWh5Uy1SM0dOQURnV0ZOT3dB\" target=\"_blank\">Chl\u00e4ggicup 2018 \/ Google Photos<\/a><\/figcaption><\/figure>\n<\/div><\/figure>\n\n\n\n<figure class=\"wp-block-embed\"><div class=\"wp-block-embed__wrapper\">\n<figure class=\"embed-gphotos  wp-caption\"><a href=\"https:\/\/photos.google.com\/share\/AF1QipMOnkYBEFYcDP2EN9X0-1noNQPD6FO0OSTO99S7vagzRwHAEZoY9jzFCTxKLNvXAQ?key=eHpHek1KZ1NsTFdDZUFfUjI5dHRjMWNzMUUzZXJR\" target=\"_blank\"><img loading=\"lazy\" decoding=\"async\"    src=\"https:\/\/lh3.googleusercontent.com\/pw\/AP1GczMYzOoLKJaZ8iC8i4x3J1UjxTHJuapkswKHjZIaDkZwwlyaH9JF4_07D7vW4Mm20R2x0b_xDohx-f3mktH5ItNp0Jinz5de2LAuGqbbuFQaffQ2rD3z=w660-h990\" width=\"660\" height=\"440\"   ><\/a><figcaption class=\"wp-caption-text\"><a href=\"https:\/\/photos.google.com\/share\/AF1QipMOnkYBEFYcDP2EN9X0-1noNQPD6FO0OSTO99S7vagzRwHAEZoY9jzFCTxKLNvXAQ?key=eHpHek1KZ1NsTFdDZUFfUjI5dHRjMWNzMUUzZXJR\" target=\"_blank\">Showturnen 2018 \/ Google Photos<\/a><\/figcaption><\/figure>\n<\/div><\/figure>\n\n\n\n<figure class=\"wp-block-embed\"><div class=\"wp-block-embed__wrapper\">\n<figure class=\"embed-gphotos  wp-caption\"><a href=\"https:\/\/photos.google.com\/share\/AF1QipPQlif0nbfFx9Zaij-TP50ozWHf83YbB0inGGrljzbdphI4sFnKjHM6tTOnq1_eZw?key=emIzSEtPTmQzem1Jc0hfZVNxSnJqMW8yNi10dUdR\" target=\"_blank\"><img loading=\"lazy\" decoding=\"async\"    src=\"https:\/\/lh3.googleusercontent.com\/pw\/AP1GczPJ5u9yscM9XRfc8m9xBEbiwmwD1s-Wc_GXEwnOmgN0TGGelhRkcrLxyPMe0Qt8jDwKIWrdwMrOxd01pvtmGUr7Sl3LL5MMeeChZQ6ecHM5iIxWbeTo=w660-h990\" width=\"660\" height=\"440\"   ><\/a><figcaption class=\"wp-caption-text\"><a href=\"https:\/\/photos.google.com\/share\/AF1QipPQlif0nbfFx9Zaij-TP50ozWHf83YbB0inGGrljzbdphI4sFnKjHM6tTOnq1_eZw?key=emIzSEtPTmQzem1Jc0hfZVNxSnJqMW8yNi10dUdR\" target=\"_blank\">EKM 2018 \/ Google Photos<\/a><\/figcaption><\/figure>\n<\/div><\/figure>\n\n\n\n<figure class=\"wp-block-embed\"><div class=\"wp-block-embed__wrapper\">\n<figure class=\"embed-gphotos  wp-caption\"><a href=\"https:\/\/photos.google.com\/share\/AF1QipM6opgiBUubfYCMNEeiVZoV7pBI69Fe_E7pDIsAhIcsyDHuvpvcHvrro5W6QSTwUg?key=Mng3M1lLLVUwQTVaZDZvdUtKYVVuZU5SakVXWEpR\" target=\"_blank\"><img loading=\"lazy\" decoding=\"async\"    src=\"https:\/\/lh3.googleusercontent.com\/pw\/AP1GczNpBPPTxzLMyU4UW6lfe7WPzR_oLBQPolovKc7ktSGiVs_bEx0OLDNnDLOx7Za2HP9A4NlEieQxHZV139nAR8iT7DI5FvRHADTH09IwAeK_lyrIZBy5=w660-h990\" width=\"660\" height=\"440\"   ><\/a><figcaption class=\"wp-caption-text\"><a href=\"https:\/\/photos.google.com\/share\/AF1QipM6opgiBUubfYCMNEeiVZoV7pBI69Fe_E7pDIsAhIcsyDHuvpvcHvrro5W6QSTwUg?key=Mng3M1lLLVUwQTVaZDZvdUtKYVVuZU5SakVXWEpR\" target=\"_blank\">Schlagerparty 2018 \/ Google Photos<\/a><\/figcaption><\/figure>\n<\/div><\/figure>\n","protected":false},"excerpt":{"rendered":"","protected":false},"author":2,"featured_media":0,"parent":45,"menu_order":21,"comment_status":"closed","ping_status":"closed","template":"","meta":{"footnotes":""},"class_list":["post-785","page","type-page","status-publish","hentry","column","twocol"],"_links":{"self":[{"href":"https:\/\/tvmerishausen.ch\/wordpress\/wp-json\/wp\/v2\/pages\/785","targetHints":{"allow":["GET"]}}],"collection":[{"href":"https:\/\/tvmerishausen.ch\/wordpress\/wp-json\/wp\/v2\/pages"}],"about":[{"href":"https:\/\/tvmerishausen.ch\/wordpress\/wp-json\/wp\/v2\/types\/page"}],"author":[{"embeddable":true,"href":"https:\/\/tvmerishausen.ch\/wordpress\/wp-json\/wp\/v2\/users\/2"}],"replies":[{"embeddable":true,"href":"https:\/\/tvmerishausen.ch\/wordpress\/wp-json\/wp\/v2\/comments?post=785"}],"version-history":[{"count":35,"href":"https:\/\/tvmerishausen.ch\/wordpress\/wp-json\/wp\/v2\/pages\/785\/revisions"}],"predecessor-version":[{"id":1386,"href":"https:\/\/tvmerishausen.ch\/wordpress\/wp-json\/wp\/v2\/pages\/785\/revisions\/1386"}],"up":[{"embeddable":true,"href":"https:\/\/tvmerishausen.ch\/wordpress\/wp-json\/wp\/v2\/pages\/45"}],"wp:attachment":[{"href":"https:\/\/tvmerishausen.ch\/wordpress\/wp-json\/wp\/v2\/media?parent=785"}],"curies":[{"name":"wp","href":"https:\/\/api.w.org\/{rel}","templated":true}]}}